{"id":285,"date":"2020-01-31T09:33:08","date_gmt":"2020-01-31T09:33:08","guid":{"rendered":"https:\/\/propackvietnam.com\/?post_type=product&#038;p=285"},"modified":"2025-03-23T18:09:02","modified_gmt":"2025-03-23T18:09:02","slug":"tui-giay-kraft-xanh-la-size-l","status":"publish","type":"product","link":"https:\/\/tuigiaysaigon.com.vn\/?product=tui-giay-kraft-xanh-la-size-l","title":{"rendered":"T\u00fai gi\u1ea5y Kraft Xanh L\u00e1 (size L)"},"content":{"rendered":"<p>&#8211; To\u00e0n b\u1ed9 t\u00fai v\u00e0 quai \u0111\u01b0\u1ee3c l\u00e0m t\u1eeb gi\u1ea5y kraft tr\u1eafng cao c\u1ea5p, d\u00e0y, c\u00f3 \u0111\u1ed9 dai, \u0111\u00e0n h\u1ed3i t\u1ed1t, \u00edt th\u1ea5m n\u01b0\u1edbc d\u1ec5 d\u00e0ng ph\u00e2n h\u1ee7y trong m\u00f4i tr\u01b0\u1eddng t\u1ef1 nhi\u00ean.<\/p>\n<p>&#8211; \u1ee8ng d\u1ee5ng cho c\u00e1c shop: M\u1ef9 ph\u1ea9m, th\u1eddi trang, shop hoa kh\u00f4\u2026<\/p>\n<p>&#8211;\u00a0 \u0110\u1ef1ng qu\u00e0 t\u1eb7ng s\u1ef1 ki\u1ec7n, qu\u00e0 t\u1eb7ng cho Kh\u00e1ch H\u00e0ng.<\/p>\n<p>&nbsp;<\/p>\n","protected":false},"excerpt":{"rendered":"<ul>\n<li>Ch\u1ea5t li\u1ec7u Kraft n\u00e2u tr\u1eafng , cao c\u1ea5p, d\u1ebbo, b\u1ec1n, ch\u1ecbu n\u1eb7ng t\u1ed1t, \u1ee9ng d\u1ee5ng cao.<\/li>\n<li>Quai gi\u1ea5y se ch\u1eafc ch\u1eafn, an to\u00e0n.<\/li>\n<li>Th\u00e2n thi\u1ec7n m\u00f4i tr\u01b0\u1eddng.<\/li>\n<\/ul>\n","protected":false},"featured_media":450,"template":"","meta":{"spay_email":""},"class_list":{"0":"post-285","1":"product","2":"type-product","3":"status-publish","4":"has-post-thumbnail","6":"product_cat-tui-than-thien-moi-truong","7":"product_tag-tuigiay","9":"first","10":"instock","11":"shipping-taxable","12":"purchasable","13":"product-type-simple"},"_links":{"self":[{"href":"https:\/\/tuigiaysaigon.com.vn\/index.php?rest_route=\/wp\/v2\/product\/285","targetHints":{"allow":["GET"]}}],"collection":[{"href":"https:\/\/tuigiaysaigon.com.vn\/index.php?rest_route=\/wp\/v2\/product"}],"about":[{"href":"https:\/\/tuigiaysaigon.com.vn\/index.php?rest_route=\/wp\/v2\/types\/product"}],"wp:featuredmedia":[{"embeddable":true,"href":"https:\/\/tuigiaysaigon.com.vn\/index.php?rest_route=\/wp\/v2\/media\/450"}],"wp:attachment":[{"href":"https:\/\/tuigiaysaigon.com.vn\/index.php?rest_route=%2Fwp%2Fv2%2Fmedia&parent=285"}],"curies":[{"name":"wp","href":"https:\/\/api.w.org\/{rel}","templated":true}]}}